{"id":834,"date":"2025-11-17T07:50:39","date_gmt":"2025-11-17T07:50:39","guid":{"rendered":"https:\/\/www.phannvanrath.com\/?page_id=834"},"modified":"2025-11-20T05:01:44","modified_gmt":"2025-11-20T05:01:44","slug":"education-qualifications","status":"publish","type":"page","link":"https:\/\/www.phannvanrath.com\/km\/about\/education-qualifications\/","title":{"rendered":"\u1780\u17b6\u179a\u17a2\u1794\u17cb\u179a\u17c6 \u1793\u17b7\u1784\u179f\u1789\u17d2\u1789\u17b6\u1794\u178f\u17d2\u179a"},"content":{"rendered":"<div data-elementor-type=\"wp-page\" data-elementor-id=\"834\" class=\"elementor elementor-834\">\n\t\t\t\t<div class=\"elementor-element elementor-element-0caccde e-flex e-con-boxed e-con e-parent\" data-id=\"0caccde\" data-element_type=\"container\" data-e-type=\"container\" data-settings=\"{&quot;background_background&quot;:&quot;classic&quot;}\">\n\t\t\t\t\t<div class=\"e-con-inner\">\n\t\t\t\t<div class=\"elementor-element elementor-element-5b3e95d elementor-widget elementor-widget-heading\" data-id=\"5b3e95d\" data-element_type=\"widget\" data-e-type=\"widget\" data-widget_type=\"heading.default\">\n\t\t\t\t\t<h1 class=\"elementor-heading-title elementor-size-default\">\u1780\u17b6\u179a\u17a2\u1794\u17cb\u179a\u17c6 \u1793\u17b7\u1784\u179f\u1789\u17d2\u1789\u17b6\u1794\u178f\u17d2\u179a (Education &amp; Qualifications)<\/h1>\t\t\t\t<\/div>\n\t\t\t\t\t<\/div>\n\t\t\t\t<\/div>\n\t\t<div class=\"elementor-element elementor-element-ecfa82e e-flex e-con-boxed e-con e-parent\" data-id=\"ecfa82e\" data-element_type=\"container\" data-e-type=\"container\">\n\t\t\t\t\t<div class=\"e-con-inner\">\n\t\t\t\t<div class=\"elementor-element elementor-element-2e1593c elementor-widget elementor-widget-text-editor\" data-id=\"2e1593c\" data-element_type=\"widget\" data-e-type=\"widget\" data-widget_type=\"text-editor.default\">\n\t\t\t\t\t\t\t\t\t<p>\u2022\t\u1794\u179a\u17b7\u1789\u17d2\u1789\u17b6\u1794\u178f\u17d2\u179a\u1793\u17b8\u178f\u17b7\u179f\u17b6\u179f\u17d2\u178f\u17d2\u179a (LL.B) \u2013 \u1791\u1791\u17bd\u179b\u1794\u17b6\u1793\u1793\u17c5\u1786\u17d2\u1793\u17b6\u17c6 \u17e2\u17e0\u17e0\u17e1 \u178f\u17b6\u1798\u179a\u1799\u17c8\u1780\u17b6\u179a\u179f\u17b7\u1780\u17d2\u179f\u17b6\u1793\u17c5\u1794\u17d2\u179a\u1791\u17c1\u179f\u1794\u17b6\u179a\u17b6\u17c6\u1784 \u1793\u17b7\u1784\u1780\u1798\u17d2\u1796\u17bb\u1787\u17b6\u17d4<br>\u2022\t\u17a2\u1793\u17bb\u1794\u178e\u17d2\u178c\u17b7\u178f\u1793\u17b8\u178f\u17b7\u179f\u17b6\u179f\u17d2\u178f\u17d2\u179a (LL.M) \u2013 \u179f\u17b6\u1780\u179b\u179c\u17b7\u1791\u17d2\u1799\u17b6\u179b\u17d0\u1799\u1794\u1789\u17d2\u1789\u17b6\u179f\u17b6\u179f\u17d2\u178f\u17d2\u179a\u1780\u1798\u17d2\u1796\u17bb\u1787\u17b6 \u1786\u17d2\u1793\u17b6\u17c6 \u17e2\u17e0\u17e0\u17e8\u17d4<br>\u2022\t\u1794\u178e\u17d2\u178c\u17b7\u178f\u1793\u17b8\u178f\u17b7\u179f\u17b6\u179f\u17d2\u178f\u17d2\u179a (LL.D) \u2013 \u1780\u17c6\u1796\u17bb\u1784\u179f\u17b7\u1780\u17d2\u179f\u17b6 \u1782\u17d2\u179a\u17c4\u1784\u1794\u1789\u17d2\u1785\u1794\u17cb\u1793\u17c5\u1786\u17d2\u1793\u17b6\u17c6 \u17e2\u17e0\u17e2\u17e6\u17d4 \u1780\u17b6\u179a\u179f\u17d2\u179a\u17b6\u179c\u1787\u17d2\u179a\u17b6\u179c\u1790\u17d2\u1793\u17b6\u1780\u17cb\u1794\u178e\u17d2\u178c\u17b7\u178f\u179a\u1794\u179f\u17cb\u17af\u1780\u17a7\u178f\u17d2\u178f\u1798 \u1795\u17d2\u178f\u17c4\u178f\u179b\u17be\u178f\u17bd\u1793\u17b6\u1791\u17b8\u179a\u1794\u179f\u17cb\u1796\u17d2\u179a\u17c7\u179a\u17b6\u1787\u17a2\u17b6\u1787\u17d2\u1789\u17b6\u1780\u17d2\u1793\u17bb\u1784\u1780\u17b6\u179a\u1796\u1784\u17d2\u179a\u17b9\u1784\u1791\u17c6\u1793\u17bb\u1780\u1785\u17b7\u178f\u17d2\u178f\u179f\u17b6\u1792\u17b6\u179a\u178e\u17c8\u179b\u17be\u1794\u17d2\u179a\u1796\u17d0\u1793\u17d2\u1792\u1799\u17bb\u178f\u17d2\u178f\u17b7\u1792\u1798\u17cc\u1796\u17d2\u179a\u17a0\u17d2\u1798\u1791\u178e\u17d2\u178c\u1780\u1798\u17d2\u1796\u17bb\u1787\u17b6\u17d4<\/p>\t\t\t\t\t\t\t\t<\/div>\n\t\t\t\t\t<\/div>\n\t\t\t\t<\/div>\n\t\t\t\t<\/div>","protected":false},"excerpt":{"rendered":"<p>Education &amp; Qualifications \u2022 Bachelor of Law (LL.B) \u2013 Earned in 2001 through studies in both France and Cambodia.\u2022 Master of Law (LL.M) \u2013 Pa\u00f1\u00f1\u0101s\u0101stra University of Cambodia, 2008.\u2022 Doctor of Law (LL.D) \u2013 In progress, expected completion in 2026. His doctoral research focuses on the role of prosecutors in strengthening public confidence in the [&hellip;]<\/p>\n","protected":false},"author":1,"featured_media":0,"parent":16,"menu_order":0,"comment_status":"closed","ping_status":"closed","template":"ESTC-theme.php","meta":{"footnotes":""},"class_list":["post-834","page","type-page","status-publish","hentry"],"_links":{"self":[{"href":"https:\/\/www.phannvanrath.com\/km\/wp-json\/wp\/v2\/pages\/834","targetHints":{"allow":["GET"]}}],"collection":[{"href":"https:\/\/www.phannvanrath.com\/km\/wp-json\/wp\/v2\/pages"}],"about":[{"href":"https:\/\/www.phannvanrath.com\/km\/wp-json\/wp\/v2\/types\/page"}],"author":[{"embeddable":true,"href":"https:\/\/www.phannvanrath.com\/km\/wp-json\/wp\/v2\/users\/1"}],"replies":[{"embeddable":true,"href":"https:\/\/www.phannvanrath.com\/km\/wp-json\/wp\/v2\/comments?post=834"}],"version-history":[{"count":16,"href":"https:\/\/www.phannvanrath.com\/km\/wp-json\/wp\/v2\/pages\/834\/revisions"}],"predecessor-version":[{"id":1466,"href":"https:\/\/www.phannvanrath.com\/km\/wp-json\/wp\/v2\/pages\/834\/revisions\/1466"}],"up":[{"embeddable":true,"href":"https:\/\/www.phannvanrath.com\/km\/wp-json\/wp\/v2\/pages\/16"}],"wp:attachment":[{"href":"https:\/\/www.phannvanrath.com\/km\/wp-json\/wp\/v2\/media?parent=834"}],"curies":[{"name":"wp","href":"https:\/\/api.w.org\/{rel}","templated":true}]}}