{"id":1211,"date":"2025-11-19T09:31:17","date_gmt":"2025-11-19T09:31:17","guid":{"rendered":"https:\/\/www.phannvanrath.com\/?page_id=1211"},"modified":"2025-11-20T04:12:11","modified_gmt":"2025-11-20T04:12:11","slug":"academic-publications","status":"publish","type":"page","link":"https:\/\/www.phannvanrath.com\/km\/publications-presentations\/academic-publications\/","title":{"rendered":"\u179f\u17d2\u1793\u17b6\u178a\u17c3\u1794\u17c4\u17c7\u1796\u17bb\u1798\u17d2\u1796\u179f\u17b7\u1780\u17d2\u179f\u17b6\u1792\u17b7\u1780\u17b6\u179a"},"content":{"rendered":"\t\t<div data-elementor-type=\"wp-page\" data-elementor-id=\"1211\" class=\"elementor elementor-1211\">\n\t\t\t\t<div class=\"elementor-element elementor-element-8fb2235 e-flex e-con-boxed e-con e-parent\" data-id=\"8fb2235\" data-element_type=\"container\" data-e-type=\"container\" data-settings=\"{&quot;background_background&quot;:&quot;classic&quot;}\">\n\t\t\t\t\t<div class=\"e-con-inner\">\n\t\t\t\t<div class=\"elementor-element elementor-element-4e26236 elementor-widget elementor-widget-heading\" data-id=\"4e26236\" data-element_type=\"widget\" data-e-type=\"widget\" data-widget_type=\"heading.default\">\n\t\t\t\t\t<h1 class=\"elementor-heading-title elementor-size-default\">Academic Publications<\/h1>\t\t\t\t<\/div>\n\t\t\t\t\t<\/div>\n\t\t\t\t<\/div>\n\t\t<div class=\"elementor-element elementor-element-d1c3183 e-flex e-con-boxed e-con e-parent\" data-id=\"d1c3183\" data-element_type=\"container\" data-e-type=\"container\">\n\t\t\t\t\t<div class=\"e-con-inner\">\n\t\t<div class=\"elementor-element elementor-element-13a1f88 e-con-full e-flex e-con e-child\" data-id=\"13a1f88\" data-element_type=\"container\" data-e-type=\"container\" data-settings=\"{&quot;background_background&quot;:&quot;classic&quot;}\">\n\t\t\t\t<div class=\"elementor-element elementor-element-5b62493 elementor-view-framed elementor-position-inline-start elementor-shape-circle elementor-mobile-position-block-start elementor-widget elementor-widget-icon-box\" data-id=\"5b62493\" data-element_type=\"widget\" data-e-type=\"widget\" data-widget_type=\"icon-box.default\">\n\t\t\t\t\t\t\t<div class=\"elementor-icon-box-wrapper\">\n\n\t\t\t\t\t\t<div class=\"elementor-icon-box-icon\">\n\t\t\t\t<span  class=\"elementor-icon\">\n\t\t\t\t<svg xmlns=\"http:\/\/www.w3.org\/2000\/svg\" xmlns:xlink=\"http:\/\/www.w3.org\/1999\/xlink\" width=\"800px\" height=\"800px\" viewBox=\"0 0 17 17\" class=\"si-glyph si-glyph-law-hammer\" fill=\"#000000\"><g id=\"SVGRepo_bgCarrier\" stroke-width=\"0\"><\/g><g id=\"SVGRepo_tracerCarrier\" stroke-linecap=\"round\" stroke-linejoin=\"round\"><\/g><g id=\"SVGRepo_iconCarrier\"><title>1148<\/title><defs> <\/defs><g stroke=\"none\" stroke-width=\"1\" fill=\"none\" fill-rule=\"evenodd\"><path d=\"M14.44,7.389 L9.662,2.61 L10.232,2.041 L9.315,1.122 L5.068,5.367 L5.988,6.285 L6.518,5.755 L8.473,7.709 L-0.062,16.244 L0.768,17.073 L9.301,8.539 L11.295,10.532 L10.766,11.063 L11.684,11.98 L15.938,7.727 L15.021,6.809 L14.44,7.389 Z\" fill=\"#6d3b0c\" class=\"si-glyph-fill\"> <\/path><\/g><\/g><\/svg>\t\t\t\t<\/span>\n\t\t\t<\/div>\n\t\t\t\n\t\t\t\t\t\t<div class=\"elementor-icon-box-content\">\n\n\t\t\t\t\t\t\t\t\t<h4 class=\"elementor-icon-box-title\">\n\t\t\t\t\t\t<span  >\n\t\t\t\t\t\t\tLL.D. Dissertation (forthcoming)\t\t\t\t\t\t<\/span>\n\t\t\t\t\t<\/h4>\n\t\t\t\t\n\t\t\t\t\t\t\t\t\t<p class=\"elementor-icon-box-description\">\n\t\t\t\t\t\t\u201cThe Role of Prosecutors in Strengthening Public\nConfidence in the Cambodian Criminal Justice System.\u201d \u2013 Doctoral research examining\nhow prosecutorial practices and reforms can improve public trust in law enforcement and\ncourts. (Expected completion in 2026; the dissertation will be available in PDF upon\npublication.)\t\t\t\t\t<\/p>\n\t\t\t\t\n\t\t\t<\/div>\n\t\t\t\n\t\t<\/div>\n\t\t\t\t\t\t<\/div>\n\t\t\t\t<\/div>\n\t\t\t\t\t<\/div>\n\t\t\t\t<\/div>\n\t\t<div class=\"elementor-element elementor-element-d6b9834 e-flex e-con-boxed e-con e-parent\" data-id=\"d6b9834\" data-element_type=\"container\" data-e-type=\"container\">\n\t\t\t\t\t<div class=\"e-con-inner\">\n\t\t<div class=\"elementor-element elementor-element-f8d7ea0 e-con-full e-flex e-con e-child\" data-id=\"f8d7ea0\" data-element_type=\"container\" data-e-type=\"container\" data-settings=\"{&quot;background_background&quot;:&quot;classic&quot;}\">\n\t\t\t\t<div class=\"elementor-element elementor-element-9299b57 elementor-view-framed elementor-position-inline-start elementor-shape-circle elementor-mobile-position-block-start elementor-widget elementor-widget-icon-box\" data-id=\"9299b57\" data-element_type=\"widget\" data-e-type=\"widget\" data-widget_type=\"icon-box.default\">\n\t\t\t\t\t\t\t<div class=\"elementor-icon-box-wrapper\">\n\n\t\t\t\t\t\t<div class=\"elementor-icon-box-icon\">\n\t\t\t\t<span  class=\"elementor-icon\">\n\t\t\t\t<svg xmlns=\"http:\/\/www.w3.org\/2000\/svg\" xmlns:xlink=\"http:\/\/www.w3.org\/1999\/xlink\" width=\"800px\" height=\"800px\" viewBox=\"0 0 17 17\" class=\"si-glyph si-glyph-law-hammer\" fill=\"#000000\"><g id=\"SVGRepo_bgCarrier\" stroke-width=\"0\"><\/g><g id=\"SVGRepo_tracerCarrier\" stroke-linecap=\"round\" stroke-linejoin=\"round\"><\/g><g id=\"SVGRepo_iconCarrier\"><title>1148<\/title><defs> <\/defs><g stroke=\"none\" stroke-width=\"1\" fill=\"none\" fill-rule=\"evenodd\"><path d=\"M14.44,7.389 L9.662,2.61 L10.232,2.041 L9.315,1.122 L5.068,5.367 L5.988,6.285 L6.518,5.755 L8.473,7.709 L-0.062,16.244 L0.768,17.073 L9.301,8.539 L11.295,10.532 L10.766,11.063 L11.684,11.98 L15.938,7.727 L15.021,6.809 L14.44,7.389 Z\" fill=\"#6d3b0c\" class=\"si-glyph-fill\"> <\/path><\/g><\/g><\/svg>\t\t\t\t<\/span>\n\t\t\t<\/div>\n\t\t\t\n\t\t\t\t\t\t<div class=\"elementor-icon-box-content\">\n\n\t\t\t\t\t\t\t\t\t<h4 class=\"elementor-icon-box-title\">\n\t\t\t\t\t\t<span  >\n\t\t\t\t\t\t\tBook Chapter\t\t\t\t\t\t<\/span>\n\t\t\t\t\t<\/h4>\n\t\t\t\t\n\t\t\t\t\t\t\t\t\t<p class=\"elementor-icon-box-description\">\n\t\t\t\t\t\t\u201cThe Basics of Substantial Cambodian Criminal Law\u201d in Introduction to\nCambodian Law (Konrad Adenauer Stiftung, 2012) \u2013 A comprehensive chapter authored\nby H.E. Vanrath that outlines the fundamental principles of Cambodian criminal law, its history, and key legal definitions. This chapter is used as a reference for law students\nand comparative law researchers.\t\t\t\t\t<\/p>\n\t\t\t\t\n\t\t\t<\/div>\n\t\t\t\n\t\t<\/div>\n\t\t\t\t\t\t<\/div>\n\t\t\t\t<\/div>\n\t\t\t\t\t<\/div>\n\t\t\t\t<\/div>\n\t\t<div class=\"elementor-element elementor-element-8dd1066 e-flex e-con-boxed e-con e-parent\" data-id=\"8dd1066\" data-element_type=\"container\" data-e-type=\"container\">\n\t\t\t\t\t<div class=\"e-con-inner\">\n\t\t<div class=\"elementor-element elementor-element-7540d2a e-con-full e-flex e-con e-child\" data-id=\"7540d2a\" data-element_type=\"container\" data-e-type=\"container\" data-settings=\"{&quot;background_background&quot;:&quot;classic&quot;}\">\n\t\t\t\t<div class=\"elementor-element elementor-element-cf59566 elementor-view-framed elementor-position-inline-start elementor-shape-circle elementor-mobile-position-block-start elementor-widget elementor-widget-icon-box\" data-id=\"cf59566\" data-element_type=\"widget\" data-e-type=\"widget\" data-widget_type=\"icon-box.default\">\n\t\t\t\t\t\t\t<div class=\"elementor-icon-box-wrapper\">\n\n\t\t\t\t\t\t<div class=\"elementor-icon-box-icon\">\n\t\t\t\t<span  class=\"elementor-icon\">\n\t\t\t\t<svg xmlns=\"http:\/\/www.w3.org\/2000\/svg\" xmlns:xlink=\"http:\/\/www.w3.org\/1999\/xlink\" width=\"800px\" height=\"800px\" viewBox=\"0 0 17 17\" class=\"si-glyph si-glyph-law-hammer\" fill=\"#000000\"><g id=\"SVGRepo_bgCarrier\" stroke-width=\"0\"><\/g><g id=\"SVGRepo_tracerCarrier\" stroke-linecap=\"round\" stroke-linejoin=\"round\"><\/g><g id=\"SVGRepo_iconCarrier\"><title>1148<\/title><defs> <\/defs><g stroke=\"none\" stroke-width=\"1\" fill=\"none\" fill-rule=\"evenodd\"><path d=\"M14.44,7.389 L9.662,2.61 L10.232,2.041 L9.315,1.122 L5.068,5.367 L5.988,6.285 L6.518,5.755 L8.473,7.709 L-0.062,16.244 L0.768,17.073 L9.301,8.539 L11.295,10.532 L10.766,11.063 L11.684,11.98 L15.938,7.727 L15.021,6.809 L14.44,7.389 Z\" fill=\"#6d3b0c\" class=\"si-glyph-fill\"> <\/path><\/g><\/g><\/svg>\t\t\t\t<\/span>\n\t\t\t<\/div>\n\t\t\t\n\t\t\t\t\t\t<div class=\"elementor-icon-box-content\">\n\n\t\t\t\t\t\t\t\t\t<h4 class=\"elementor-icon-box-title\">\n\t\t\t\t\t\t<span  >\n\t\t\t\t\t\t\tJournal Article\t\t\t\t\t\t<\/span>\n\t\t\t\t\t<\/h4>\n\t\t\t\t\n\t\t\t\t\t\t\t\t\t<p class=\"elementor-icon-box-description\">\n\t\t\t\t\t\t\u201cNo Extradition, No Impunity: Cambodian Constitutional Constraints and\nCross-Border Criminal Accountability\u201d in Pa\u00f1\u00f1\u0101s\u0101stra International Academic Research\nJournal (Vol.4, 2025) \u2013 An academic article analyzing how Cambodia\u2019s Constitution affects\nthe country\u2019s ability to extradite suspects and prosecute crimes that span national\nborders[9]. It offers case studies and recommendations to harmonize domestic law with\ninternational obligations.\t\t\t\t\t<\/p>\n\t\t\t\t\n\t\t\t<\/div>\n\t\t\t\n\t\t<\/div>\n\t\t\t\t\t\t<\/div>\n\t\t\t\t<\/div>\n\t\t\t\t\t<\/div>\n\t\t\t\t<\/div>\n\t\t<div class=\"elementor-element elementor-element-16f5bdf e-flex e-con-boxed e-con e-parent\" data-id=\"16f5bdf\" data-element_type=\"container\" data-e-type=\"container\">\n\t\t\t\t\t<div class=\"e-con-inner\">\n\t\t<div class=\"elementor-element elementor-element-43d2ff2 e-con-full e-flex e-con e-child\" data-id=\"43d2ff2\" data-element_type=\"container\" data-e-type=\"container\" data-settings=\"{&quot;background_background&quot;:&quot;classic&quot;}\">\n\t\t\t\t<div class=\"elementor-element elementor-element-386eead elementor-view-framed elementor-position-inline-start elementor-shape-circle elementor-mobile-position-block-start elementor-widget elementor-widget-icon-box\" data-id=\"386eead\" data-element_type=\"widget\" data-e-type=\"widget\" data-widget_type=\"icon-box.default\">\n\t\t\t\t\t\t\t<div class=\"elementor-icon-box-wrapper\">\n\n\t\t\t\t\t\t<div class=\"elementor-icon-box-icon\">\n\t\t\t\t<span  class=\"elementor-icon\">\n\t\t\t\t<svg xmlns=\"http:\/\/www.w3.org\/2000\/svg\" xmlns:xlink=\"http:\/\/www.w3.org\/1999\/xlink\" width=\"800px\" height=\"800px\" viewBox=\"0 0 17 17\" class=\"si-glyph si-glyph-law-hammer\" fill=\"#000000\"><g id=\"SVGRepo_bgCarrier\" stroke-width=\"0\"><\/g><g id=\"SVGRepo_tracerCarrier\" stroke-linecap=\"round\" stroke-linejoin=\"round\"><\/g><g id=\"SVGRepo_iconCarrier\"><title>1148<\/title><defs> <\/defs><g stroke=\"none\" stroke-width=\"1\" fill=\"none\" fill-rule=\"evenodd\"><path d=\"M14.44,7.389 L9.662,2.61 L10.232,2.041 L9.315,1.122 L5.068,5.367 L5.988,6.285 L6.518,5.755 L8.473,7.709 L-0.062,16.244 L0.768,17.073 L9.301,8.539 L11.295,10.532 L10.766,11.063 L11.684,11.98 L15.938,7.727 L15.021,6.809 L14.44,7.389 Z\" fill=\"#6d3b0c\" class=\"si-glyph-fill\"> <\/path><\/g><\/g><\/svg>\t\t\t\t<\/span>\n\t\t\t<\/div>\n\t\t\t\n\t\t\t\t\t\t<div class=\"elementor-icon-box-content\">\n\n\t\t\t\t\t\t\t\t\t<h4 class=\"elementor-icon-box-title\">\n\t\t\t\t\t\t<span  >\n\t\t\t\t\t\t\tLaw Review Articles and Research Papers\t\t\t\t\t\t<\/span>\n\t\t\t\t\t<\/h4>\n\t\t\t\t\n\t\t\t\t\t\t\t\t\t<p class=\"elementor-icon-box-description\">\n\t\t\t\t\t\t(Upcoming) H.E. Vanrath is preparing\nadditional writings on topics such as prosecutorial ethics in transitional societies and the\nimpact of cyber technology on criminal justice. These works, once published in law\nreviews or conference proceedings, will be listed here. He also contributed to an\ninternational training manual on prosecuting transnational organized crime[14],\nreflecting his practical experience in an educational format.\t\t\t\t\t<\/p>\n\t\t\t\t\n\t\t\t<\/div>\n\t\t\t\n\t\t<\/div>\n\t\t\t\t\t\t<\/div>\n\t\t\t\t<\/div>\n\t\t\t\t\t<\/div>\n\t\t\t\t<\/div>\n\t\t\t\t<\/div>\n\t\t","protected":false},"excerpt":{"rendered":"<p>Academic Publications 1148 LL.D. Dissertation (forthcoming) \u201cThe Role of Prosecutors in Strengthening Public Confidence in the Cambodian Criminal Justice System.\u201d \u2013 Doctoral research examining how prosecutorial practices and reforms can improve public trust in law enforcement and courts. (Expected completion in 2026; the dissertation will be available in PDF upon publication.) 1148 Book Chapter \u201cThe [&hellip;]<\/p>\n","protected":false},"author":1,"featured_media":0,"parent":21,"menu_order":0,"comment_status":"closed","ping_status":"closed","template":"ESTC-theme.php","meta":{"footnotes":""},"class_list":["post-1211","page","type-page","status-publish","hentry"],"_links":{"self":[{"href":"https:\/\/www.phannvanrath.com\/km\/wp-json\/wp\/v2\/pages\/1211","targetHints":{"allow":["GET"]}}],"collection":[{"href":"https:\/\/www.phannvanrath.com\/km\/wp-json\/wp\/v2\/pages"}],"about":[{"href":"https:\/\/www.phannvanrath.com\/km\/wp-json\/wp\/v2\/types\/page"}],"author":[{"embeddable":true,"href":"https:\/\/www.phannvanrath.com\/km\/wp-json\/wp\/v2\/users\/1"}],"replies":[{"embeddable":true,"href":"https:\/\/www.phannvanrath.com\/km\/wp-json\/wp\/v2\/comments?post=1211"}],"version-history":[{"count":16,"href":"https:\/\/www.phannvanrath.com\/km\/wp-json\/wp\/v2\/pages\/1211\/revisions"}],"predecessor-version":[{"id":1232,"href":"https:\/\/www.phannvanrath.com\/km\/wp-json\/wp\/v2\/pages\/1211\/revisions\/1232"}],"up":[{"embeddable":true,"href":"https:\/\/www.phannvanrath.com\/km\/wp-json\/wp\/v2\/pages\/21"}],"wp:attachment":[{"href":"https:\/\/www.phannvanrath.com\/km\/wp-json\/wp\/v2\/media?parent=1211"}],"curies":[{"name":"wp","href":"https:\/\/api.w.org\/{rel}","templated":true}]}}